{"id":1359,"date":"2019-03-28T10:10:54","date_gmt":"2019-03-28T10:10:54","guid":{"rendered":"http:\/\/benefitimpact.dev4.webkoenig.ch\/?page_id=1359"},"modified":"2023-04-25T08:55:18","modified_gmt":"2023-04-25T06:55:18","slug":"impressum","status":"publish","type":"page","link":"https:\/\/benefitimpactcom-staging.what1.what-sites.digital\/de\/impressum\/","title":{"rendered":"Impressum"},"content":{"rendered":"<div class=\"wpb-content-wrapper\">[vc_section el_class=&#8220;wk-section&#8220;][vc_row][vc_column][vc_column_text]\n<h1>Impressum<\/h1>\n[\/vc_column_text][\/vc_column][\/vc_row][vc_row el_class=&#8220;wk-small-row&#8220;][vc_column][vc_column_text]\n<h2>benefitIMPACT AG<\/h2>\n<p>Zunstrasse 11<br \/>\n8152 Glattbrugg<br \/>\nHandelsregister: CHE-494.554.354<br \/>\nRegistergericht: Handelsregisteramt des Kantons Zu\u0308rich<\/p>\n<h2><\/h2>\n<h2><\/h2>\n<h2>Vertreten durch:<\/h2>\n<p>Pascal Yves Schwartz, Pra\u0308sident des Verwaltungsrates + Gescha\u0308ftsfu\u0308hrer Gallus Ha\u0308lg, Mitglied des Verwaltungsrates<\/p>\n<h2><\/h2>\n<h2><\/h2>\n<h2>Vorsitzender des Aufsichtsrats:<\/h2>\n<p>Pascal Yves Schwartz<\/p>\n<h2><\/h2>\n<h2><\/h2>\n<h2>Kontakt<\/h2>\n<p>Telefon: +41 44 55 22 380<br \/>\nE-Mail: <a href=\"mailto:info@benefitimpactcom-staging.what1.what-sites.digital\">info@benefitimpactcom-staging.what1.what-sites.digital<\/a><\/p>\n<h2><\/h2>\n<h2><\/h2>\n<h2>Mehrwertsteuernummer<\/h2>\n<p>CHE-494.554.354<\/p>\n<h2><\/h2>\n<h2><\/h2>\n<h2>Angaben zur Betriebshaftpflicht<\/h2>\n<p><strong>Name und Sitz des Versicherers:<\/strong><br \/>\nSchweizerische Mobiliar Versicherungsgesellschaft AG<br \/>\nBundesgasse 35<br \/>\n3001 Bern<br \/>\n<strong>Geltungsraum der Versicherung:<\/strong><br \/>\nSchweiz<\/p>\n<h2><\/h2>\n<h2><\/h2>\n<h2>Redaktionell verantwortlich<\/h2>\n<p>Pascal Yves Schwartz<br \/>\nZunstrasse 11<br \/>\n8152 Glattbrugg<br \/>\nSchweiz<br \/>\n<a href=\"mailto:info@benefitimpactcom-staging.what1.what-sites.digital\" target=\"_blank\" rel=\"noopener\">info@benefitimpactcom-staging.what1.what-sites.digital<\/a><br \/>\nTel: +41 44 55 22 380<\/p>\n<h2><\/h2>\n<h2>EU-Streitschlichtung<\/h2>\n<p>Die Europa\u0308ische Kommission stellt eine Plattform zur Online-Streitbeilegung (OS) bereit: <a href=\"https:\/\/ec.europa.eu\/consumers\/odr\/\" target=\"_blank\" rel=\"noopener\">https:\/\/ec.europa.eu\/consumers\/odr\/<\/a>.<br \/>\nUnsere E-Mail-Adresse finden Sie oben im Impressum.<\/p>\n<h2><\/h2>\n<h2>Verbraucherstreitbeilegung\/Universalschlichtungsstelle<\/h2>\n<p>Wir sind nicht bereit oder verpflichtet, an Streitbeilegungsverfahren vor einer Verbraucherschlichtungsstelle teilzunehmen.<\/p>\n<h2><\/h2>\n<h2>Haftungsausschluss<\/h2>\n<p>Der Autor \u00fcbernimmt keinerlei Gew\u00e4hr hinsichtlich der inhaltlichen Richtigkeit, Genauigkeit, Aktualit\u00e4t, Zuverl\u00e4ssigkeit und Vollst\u00e4ndigkeit der Informationen. Haftungsanspr\u00fcche gegen den Autor wegen Sch\u00e4den materieller oder immaterieller Art, welche aus dem Zugriff oder der Nutzung bzw. Nichtnutzung der ver\u00f6ffentlichten Informationen, durch Missbrauch der Verbindung oder durch technische St\u00f6rungen entstanden sind, werden ausgeschlossen. Alle Angebote sind unverbindlich. Der Autor beh\u00e4lt es sich ausdr\u00fccklich vor, Teile der Seiten oder das gesamte Angebot ohne gesonderte Ank\u00fcndigung zu ver\u00e4ndern, zu erg\u00e4nzen, zu l\u00f6schen oder die Ver\u00f6ffentlichung zeitweise oder endg\u00fcltig einzustellen.<\/p>\n<h2><\/h2>\n<h2>Haftung f\u00fcr Links<\/h2>\n<p>Verweise und Links auf Webseiten Dritter liegen ausserhalb unseres Verantwortungsbereichs Es wird jegliche Verantwortung f\u00fcr solche Webseiten abgelehnt. Der Zugriff und die Nutzung solcher Webseiten erfolgen auf eigene Gefahr des Nutzers oder der Nutzerin.<\/p>\n<h2><\/h2>\n<h2>Urheberrechte<\/h2>\n<p>Die Urheber- und alle anderen Rechte an Inhalten, Bildern, Fotos oder anderen Dateien auf der Website geh\u00f6ren ausschliesslich der Firma benefitIMPACT AG oder den speziell genannten Rechtsinhabern. F\u00fcr die Reproduktion jeglicher Elemente ist die schriftliche Zustimmung der Urheberrechtstr\u00e4ger im Voraus einzuholen.[\/vc_column_text][\/vc_column][\/vc_row][\/vc_section]\n<\/div>","protected":false},"excerpt":{"rendered":"<p>[vc_section el_class=&#8220;wk-section&#8220;][vc_row][vc_column][vc_column_text] Impressum [\/vc_column_text][\/vc_column][\/vc_row][vc_row el_class=&#8220;wk-small-row&#8220;][vc_column][vc_column_text] benefitIMPACT AG Zunstrasse 11 8152 Glattbrugg Handelsregister: CHE-494.554.354 Registergericht: Handelsregisteramt des Kantons Zu\u0308rich Vertreten durch: Pascal Yves Schwartz, Pra\u0308sident des Verwaltungsrates + Gescha\u0308ftsfu\u0308hrer Gallus Ha\u0308lg, Mitglied des Verwaltungsrates Vorsitzender des Aufsichtsrats: Pascal Yves Schwartz Kontakt Telefon: +41 44 55 22 380 E-Mail: info@benefitimpactcom-staging.what1.what-sites.digital Mehrwertsteuernummer CHE-494.554.354 Angaben zur Betriebshaftpflicht Name und&hellip;<\/p>\n","protected":false},"author":1,"featured_media":0,"parent":0,"menu_order":0,"comment_status":"closed","ping_status":"closed","template":"","meta":{"_acf_changed":false,"inline_featured_image":false,"footnotes":""},"translation_priority":[219],"class_list":["post-1359","page","type-page","status-publish","hentry","entry","no-media"],"acf":[],"yoast_head":"<!-- This site is optimized with the Yoast SEO plugin v27.3 - https:\/\/yoast.com\/product\/yoast-seo-wordpress\/ -->\n<title>Impressum | benefitIMPACT<\/title>\n<meta name=\"description\" content=\"Impressum benefitIMPACT AG, Glattbrugg, Schweiz\" \/>\n<meta name=\"robots\" content=\"index, follow, max-snippet:-1, max-image-preview:large, max-video-preview:-1\" \/>\n<link rel=\"canonical\" href=\"https:\/\/benefitimpactcom-staging.what1.what-sites.digital\/de\/impressum\/\" \/>\n<meta property=\"og:locale\" content=\"de_DE\" \/>\n<meta property=\"og:type\" content=\"article\" \/>\n<meta property=\"og:title\" content=\"Impressum | benefitIMPACT\" \/>\n<meta property=\"og:description\" content=\"Impressum benefitIMPACT AG, Glattbrugg, Schweiz\" \/>\n<meta property=\"og:url\" content=\"https:\/\/benefitimpactcom-staging.what1.what-sites.digital\/de\/impressum\/\" \/>\n<meta property=\"og:site_name\" content=\"benefitIMPACT\" \/>\n<meta property=\"article:modified_time\" content=\"2023-04-25T06:55:18+00:00\" \/>\n<meta name=\"twitter:card\" content=\"summary_large_image\" \/>\n<meta name=\"twitter:label1\" content=\"Gesch\u00e4tzte Lesezeit\" \/>\n\t<meta name=\"twitter:data1\" content=\"2\u00a0Minuten\" \/>\n<script type=\"application\/ld+json\" class=\"yoast-schema-graph\">{\"@context\":\"https:\\\/\\\/schema.org\",\"@graph\":[{\"@type\":\"WebPage\",\"@id\":\"https:\\\/\\\/benefitimpactcom-staging.what1.what-sites.digital\\\/de\\\/impressum\\\/\",\"url\":\"https:\\\/\\\/benefitimpactcom-staging.what1.what-sites.digital\\\/de\\\/impressum\\\/\",\"name\":\"Impressum | benefitIMPACT\",\"isPartOf\":{\"@id\":\"https:\\\/\\\/benefitimpactcom-staging.what1.what-sites.digital\\\/de\\\/#website\"},\"datePublished\":\"2019-03-28T10:10:54+00:00\",\"dateModified\":\"2023-04-25T06:55:18+00:00\",\"description\":\"Impressum benefitIMPACT AG, Glattbrugg, Schweiz\",\"breadcrumb\":{\"@id\":\"https:\\\/\\\/benefitimpactcom-staging.what1.what-sites.digital\\\/de\\\/impressum\\\/#breadcrumb\"},\"inLanguage\":\"de\",\"potentialAction\":[{\"@type\":\"ReadAction\",\"target\":[\"https:\\\/\\\/benefitimpactcom-staging.what1.what-sites.digital\\\/de\\\/impressum\\\/\"]}]},{\"@type\":\"BreadcrumbList\",\"@id\":\"https:\\\/\\\/benefitimpactcom-staging.what1.what-sites.digital\\\/de\\\/impressum\\\/#breadcrumb\",\"itemListElement\":[{\"@type\":\"ListItem\",\"position\":1,\"name\":\"Startseite\",\"item\":\"https:\\\/\\\/benefitimpactcom-staging.what1.what-sites.digital\\\/de\\\/\"},{\"@type\":\"ListItem\",\"position\":2,\"name\":\"Impressum\"}]},{\"@type\":\"WebSite\",\"@id\":\"https:\\\/\\\/benefitimpactcom-staging.what1.what-sites.digital\\\/de\\\/#website\",\"url\":\"https:\\\/\\\/benefitimpactcom-staging.what1.what-sites.digital\\\/de\\\/\",\"name\":\"benefitIMPACT\",\"description\":\"Sales Leadership Communication\",\"publisher\":{\"@id\":\"https:\\\/\\\/benefitimpactcom-staging.what1.what-sites.digital\\\/de\\\/#organization\"},\"potentialAction\":[{\"@type\":\"SearchAction\",\"target\":{\"@type\":\"EntryPoint\",\"urlTemplate\":\"https:\\\/\\\/benefitimpactcom-staging.what1.what-sites.digital\\\/de\\\/?s={search_term_string}\"},\"query-input\":{\"@type\":\"PropertyValueSpecification\",\"valueRequired\":true,\"valueName\":\"search_term_string\"}}],\"inLanguage\":\"de\"},{\"@type\":\"Organization\",\"@id\":\"https:\\\/\\\/benefitimpactcom-staging.what1.what-sites.digital\\\/de\\\/#organization\",\"name\":\"benefitIMPACT\",\"url\":\"https:\\\/\\\/benefitimpactcom-staging.what1.what-sites.digital\\\/de\\\/\",\"logo\":{\"@type\":\"ImageObject\",\"inLanguage\":\"de\",\"@id\":\"https:\\\/\\\/benefitimpactcom-staging.what1.what-sites.digital\\\/de\\\/#\\\/schema\\\/logo\\\/image\\\/\",\"url\":\"https:\\\/\\\/benefitimpactcom-staging.what1.what-sites.digital\\\/wp-content\\\/uploads\\\/2019\\\/03\\\/logo_small-2.png\",\"contentUrl\":\"https:\\\/\\\/benefitimpactcom-staging.what1.what-sites.digital\\\/wp-content\\\/uploads\\\/2019\\\/03\\\/logo_small-2.png\",\"width\":282,\"height\":57,\"caption\":\"benefitIMPACT\"},\"image\":{\"@id\":\"https:\\\/\\\/benefitimpactcom-staging.what1.what-sites.digital\\\/de\\\/#\\\/schema\\\/logo\\\/image\\\/\"}}]}<\/script>\n<!-- \/ Yoast SEO plugin. -->","yoast_head_json":{"title":"Impressum | benefitIMPACT","description":"Impressum benefitIMPACT AG, Glattbrugg, Schweiz","robots":{"index":"index","follow":"follow","max-snippet":"max-snippet:-1","max-image-preview":"max-image-preview:large","max-video-preview":"max-video-preview:-1"},"canonical":"https:\/\/benefitimpactcom-staging.what1.what-sites.digital\/de\/impressum\/","og_locale":"de_DE","og_type":"article","og_title":"Impressum | benefitIMPACT","og_description":"Impressum benefitIMPACT AG, Glattbrugg, Schweiz","og_url":"https:\/\/benefitimpactcom-staging.what1.what-sites.digital\/de\/impressum\/","og_site_name":"benefitIMPACT","article_modified_time":"2023-04-25T06:55:18+00:00","twitter_card":"summary_large_image","twitter_misc":{"Gesch\u00e4tzte Lesezeit":"2\u00a0Minuten"},"schema":{"@context":"https:\/\/schema.org","@graph":[{"@type":"WebPage","@id":"https:\/\/benefitimpactcom-staging.what1.what-sites.digital\/de\/impressum\/","url":"https:\/\/benefitimpactcom-staging.what1.what-sites.digital\/de\/impressum\/","name":"Impressum | benefitIMPACT","isPartOf":{"@id":"https:\/\/benefitimpactcom-staging.what1.what-sites.digital\/de\/#website"},"datePublished":"2019-03-28T10:10:54+00:00","dateModified":"2023-04-25T06:55:18+00:00","description":"Impressum benefitIMPACT AG, Glattbrugg, Schweiz","breadcrumb":{"@id":"https:\/\/benefitimpactcom-staging.what1.what-sites.digital\/de\/impressum\/#breadcrumb"},"inLanguage":"de","potentialAction":[{"@type":"ReadAction","target":["https:\/\/benefitimpactcom-staging.what1.what-sites.digital\/de\/impressum\/"]}]},{"@type":"BreadcrumbList","@id":"https:\/\/benefitimpactcom-staging.what1.what-sites.digital\/de\/impressum\/#breadcrumb","itemListElement":[{"@type":"ListItem","position":1,"name":"Startseite","item":"https:\/\/benefitimpactcom-staging.what1.what-sites.digital\/de\/"},{"@type":"ListItem","position":2,"name":"Impressum"}]},{"@type":"WebSite","@id":"https:\/\/benefitimpactcom-staging.what1.what-sites.digital\/de\/#website","url":"https:\/\/benefitimpactcom-staging.what1.what-sites.digital\/de\/","name":"benefitIMPACT","description":"Sales Leadership Communication","publisher":{"@id":"https:\/\/benefitimpactcom-staging.what1.what-sites.digital\/de\/#organization"},"potentialAction":[{"@type":"SearchAction","target":{"@type":"EntryPoint","urlTemplate":"https:\/\/benefitimpactcom-staging.what1.what-sites.digital\/de\/?s={search_term_string}"},"query-input":{"@type":"PropertyValueSpecification","valueRequired":true,"valueName":"search_term_string"}}],"inLanguage":"de"},{"@type":"Organization","@id":"https:\/\/benefitimpactcom-staging.what1.what-sites.digital\/de\/#organization","name":"benefitIMPACT","url":"https:\/\/benefitimpactcom-staging.what1.what-sites.digital\/de\/","logo":{"@type":"ImageObject","inLanguage":"de","@id":"https:\/\/benefitimpactcom-staging.what1.what-sites.digital\/de\/#\/schema\/logo\/image\/","url":"https:\/\/benefitimpactcom-staging.what1.what-sites.digital\/wp-content\/uploads\/2019\/03\/logo_small-2.png","contentUrl":"https:\/\/benefitimpactcom-staging.what1.what-sites.digital\/wp-content\/uploads\/2019\/03\/logo_small-2.png","width":282,"height":57,"caption":"benefitIMPACT"},"image":{"@id":"https:\/\/benefitimpactcom-staging.what1.what-sites.digital\/de\/#\/schema\/logo\/image\/"}}]}},"_links":{"self":[{"href":"https:\/\/benefitimpactcom-staging.what1.what-sites.digital\/de\/wp-json\/wp\/v2\/pages\/1359","targetHints":{"allow":["GET"]}}],"collection":[{"href":"https:\/\/benefitimpactcom-staging.what1.what-sites.digital\/de\/wp-json\/wp\/v2\/pages"}],"about":[{"href":"https:\/\/benefitimpactcom-staging.what1.what-sites.digital\/de\/wp-json\/wp\/v2\/types\/page"}],"author":[{"embeddable":true,"href":"https:\/\/benefitimpactcom-staging.what1.what-sites.digital\/de\/wp-json\/wp\/v2\/users\/1"}],"replies":[{"embeddable":true,"href":"https:\/\/benefitimpactcom-staging.what1.what-sites.digital\/de\/wp-json\/wp\/v2\/comments?post=1359"}],"version-history":[{"count":16,"href":"https:\/\/benefitimpactcom-staging.what1.what-sites.digital\/de\/wp-json\/wp\/v2\/pages\/1359\/revisions"}],"predecessor-version":[{"id":12567,"href":"https:\/\/benefitimpactcom-staging.what1.what-sites.digital\/de\/wp-json\/wp\/v2\/pages\/1359\/revisions\/12567"}],"wp:attachment":[{"href":"https:\/\/benefitimpactcom-staging.what1.what-sites.digital\/de\/wp-json\/wp\/v2\/media?parent=1359"}],"wp:term":[{"taxonomy":"translation_priority","embeddable":true,"href":"https:\/\/benefitimpactcom-staging.what1.what-sites.digital\/de\/wp-json\/wp\/v2\/translation_priority?post=1359"}],"curies":[{"name":"wp","href":"https:\/\/api.w.org\/{rel}","templated":true}]}}